{"id":147,"date":"2020-08-19T05:21:42","date_gmt":"2020-08-19T05:21:42","guid":{"rendered":"http:\/\/sanmartinedu.com\/index.php\/services\/"},"modified":"2021-03-16T20:32:47","modified_gmt":"2021-03-16T20:32:47","slug":"nuestra-historia","status":"publish","type":"page","link":"https:\/\/sanmartinedu.com\/index.php\/nuestra-historia\/","title":{"rendered":"Nuestra Historia"},"content":{"rendered":"\t\t<div data-elementor-type=\"wp-page\" data-elementor-id=\"147\" class=\"elementor elementor-147\">\n\t\t\t\t\t\t\t\t\t<section class=\"elementor-section elementor-top-section elementor-element elementor-element-3643de7 elementor-section-boxed elementor-section-height-default elementor-section-height-default\" data-id=\"3643de7\" data-element_type=\"section\" data-settings=\"{&quot;background_background&quot;:&quot;classic&quot;}\">\n\t\t\t\t\t\t\t<div class=\"elementor-background-overlay\"><\/div>\n\t\t\t\t\t\t\t<div class=\"elementor-container elementor-column-gap-no\">\n\t\t\t\t\t<div class=\"elementor-column elementor-col-100 elementor-top-column elementor-element elementor-element-e5a2303\" data-id=\"e5a2303\" data-element_type=\"column\">\n\t\t\t<div class=\"elementor-widget-wrap elementor-element-populated\">\n\t\t\t\t\t\t\t\t<div class=\"elementor-element elementor-element-394c2fd elementor-widget elementor-widget-heading\" data-id=\"394c2fd\" data-element_type=\"widget\" data-widget_type=\"heading.default\">\n\t\t\t\t<div class=\"elementor-widget-container\">\n\t\t\t<h1 class=\"elementor-heading-title elementor-size-default\">Pasado, Presente y Futuro<\/h1>\t\t<\/div>\n\t\t\t\t<\/div>\n\t\t\t\t<div class=\"elementor-element elementor-element-4e50472 elementor-widget elementor-widget-text-editor\" data-id=\"4e50472\" data-element_type=\"widget\" data-widget_type=\"text-editor.default\">\n\t\t\t\t<div class=\"elementor-widget-container\">\n\t\t\t\t\t\t\t<p>Nuestra historia representa el esfuerzo, compromiso y la dedicaci\u00f3n con la cual trabajamos todos los d\u00edas para una mejor educaci\u00f3n de nuestros j\u00f3venes.<\/p>\t\t\t\t\t\t<\/div>\n\t\t\t\t<\/div>\n\t\t\t\t\t<\/div>\n\t\t<\/div>\n\t\t\t\t\t\t\t<\/div>\n\t\t<\/section>\n\t\t\t\t<section class=\"elementor-section elementor-top-section elementor-element elementor-element-78c6c0 elementor-section-full_width elementor-section-content-middle elementor-section-height-default elementor-section-height-default\" data-id=\"78c6c0\" data-element_type=\"section\" data-settings=\"{&quot;background_background&quot;:&quot;classic&quot;}\">\n\t\t\t\t\t\t<div class=\"elementor-container elementor-column-gap-no\">\n\t\t\t\t\t<div class=\"elementor-column elementor-col-50 elementor-top-column elementor-element elementor-element-54f0a29e animated-slow elementor-invisible\" data-id=\"54f0a29e\" data-element_type=\"column\" data-settings=\"{&quot;background_background&quot;:&quot;classic&quot;,&quot;animation&quot;:&quot;slideInLeft&quot;}\">\n\t\t\t<div class=\"elementor-widget-wrap elementor-element-populated\">\n\t\t\t\t\t<div class=\"elementor-background-overlay\"><\/div>\n\t\t\t\t\t\t\t\t\t<\/div>\n\t\t<\/div>\n\t\t\t\t<div class=\"elementor-column elementor-col-50 elementor-top-column elementor-element elementor-element-1ae91808 animated-slow elementor-invisible\" data-id=\"1ae91808\" data-element_type=\"column\" data-settings=\"{&quot;animation&quot;:&quot;slideInRight&quot;}\">\n\t\t\t<div class=\"elementor-widget-wrap elementor-element-populated\">\n\t\t\t\t\t\t\t\t<div class=\"elementor-element elementor-element-cf77980 elementor-widget elementor-widget-heading\" data-id=\"cf77980\" data-element_type=\"widget\" data-widget_type=\"heading.default\">\n\t\t\t\t<div class=\"elementor-widget-container\">\n\t\t\t<h2 class=\"elementor-heading-title elementor-size-default\">Rese\u00f1a Hist\u00f3rica<\/h2>\t\t<\/div>\n\t\t\t\t<\/div>\n\t\t\t\t<div class=\"elementor-element elementor-element-61adc05a elementor-widget elementor-widget-text-editor\" data-id=\"61adc05a\" data-element_type=\"widget\" data-widget_type=\"text-editor.default\">\n\t\t\t\t<div class=\"elementor-widget-container\">\n\t\t\t\t\t\t\t<p>\u201cNuestros comienzos se remontan al a\u00f1o 1983 cuando comenc\u00e9 mi labor educativa con una colonia de vacaciones. Unos a\u00f1os m\u00e1s tarde abrimos el Jard\u00edn de Infantes \u201cTrapito\u201d por el cual pasaron la mayor\u00eda de los j\u00f3venes de Villa Amelia, que funcionaba en las instalaciones de la Sociedad de Fomento del barrio.<\/p>\t\t\t\t\t\t<\/div>\n\t\t\t\t<\/div>\n\t\t\t\t<div class=\"elementor-element elementor-element-714289eb elementor-widget elementor-widget-text-editor\" data-id=\"714289eb\" data-element_type=\"widget\" data-widget_type=\"text-editor.default\">\n\t\t\t\t<div class=\"elementor-widget-container\">\n\t\t\t\t\t\t\t<p><em>En el a\u00f1o 1986 logramos alquilar una quinta muy amplia y arbolada para poder albergar a la creciente poblaci\u00f3n infantil, distribuida en 3 salas por la ma\u00f1ana y 3 por la tarde, abriendo el primer grado de la escuela primaria.<\/em><\/p><p><em>Nuestro actual predio se encuentra ubicado en la calle Ecuador N\u00b0 360 de la localidad de Libertad, partido de Merlo.<\/em><\/p><p><em>Los primeros salones fueron construidos con mucho esfuerzo y sacrificio por mi padre, Vicente Caggiano, con la colaboraci\u00f3n de la comunidad, orgullosa por la concreci\u00f3n de este emprendimiento, con donaciones de ladrillos, camiones de arena y cemento. Al mismo tiempo se realizaron distintos eventos para recaudar fondos y as\u00ed, concretar esta realidad que es el Instituto Jos\u00e9 de San Mart\u00edn.<\/em><\/p><p><em>En 1999 se abre el primer a\u00f1o del Nivel Polimodal, seleccionando los padres y los alumnos de la primera promoci\u00f3n la modalidad de Humanidades y Ciencias Sociales, egresando en el a\u00f1o 2001 nuestros primeros Bachilleres.<\/em><\/p><p><em>En el a\u00f1o 2007 se inicia el Nivel Secundario con 11 secciones y en el a\u00f1o 2013 con 13 secciones. Actualmente alberga 390 alumnos, contando con 49 docentes\u201d.<\/em><\/p><p>\u00a0<\/p><p>\u00a0<\/p>\t\t\t\t\t\t<\/div>\n\t\t\t\t<\/div>\n\t\t\t\t<div class=\"elementor-element elementor-element-b38a328 elementor-widget elementor-widget-heading\" data-id=\"b38a328\" data-element_type=\"widget\" data-widget_type=\"heading.default\">\n\t\t\t\t<div class=\"elementor-widget-container\">\n\t\t\t<h6 class=\"elementor-heading-title elementor-size-default\">Adriana Caggiano<\/h6>\t\t<\/div>\n\t\t\t\t<\/div>\n\t\t\t\t<div class=\"elementor-element elementor-element-7feac2f elementor-widget elementor-widget-heading\" data-id=\"7feac2f\" data-element_type=\"widget\" data-widget_type=\"heading.default\">\n\t\t\t\t<div class=\"elementor-widget-container\">\n\t\t\t<h6 class=\"elementor-heading-title elementor-size-default\">Fundadora propietaria<\/h6>\t\t<\/div>\n\t\t\t\t<\/div>\n\t\t\t\t\t<\/div>\n\t\t<\/div>\n\t\t\t\t\t\t\t<\/div>\n\t\t<\/section>\n\t\t\t\t<section class=\"elementor-section elementor-top-section elementor-element elementor-element-5ea00ddd elementor-section-content-middle elementor-section-boxed elementor-section-height-default elementor-section-height-default\" data-id=\"5ea00ddd\" data-element_type=\"section\" data-settings=\"{&quot;background_background&quot;:&quot;classic&quot;}\">\n\t\t\t\t\t\t<div class=\"elementor-container elementor-column-gap-no\">\n\t\t\t\t\t<div class=\"elementor-column elementor-col-50 elementor-top-column elementor-element elementor-element-605da170\" data-id=\"605da170\" data-element_type=\"column\">\n\t\t\t<div class=\"elementor-widget-wrap elementor-element-populated\">\n\t\t\t\t\t\t\t\t<div class=\"elementor-element elementor-element-348d598f elementor-widget-divider--view-line elementor-widget elementor-widget-divider\" data-id=\"348d598f\" data-element_type=\"widget\" data-widget_type=\"divider.default\">\n\t\t\t\t<div class=\"elementor-widget-container\">\n\t\t\t\t\t<div class=\"elementor-divider\">\n\t\t\t<span class=\"elementor-divider-separator\">\n\t\t\t\t\t\t<\/span>\n\t\t<\/div>\n\t\t\t\t<\/div>\n\t\t\t\t<\/div>\n\t\t\t\t<div class=\"elementor-element elementor-element-63541b85 elementor-widget elementor-widget-heading\" data-id=\"63541b85\" data-element_type=\"widget\" data-widget_type=\"heading.default\">\n\t\t\t\t<div class=\"elementor-widget-container\">\n\t\t\t<h4 class=\"elementor-heading-title elementor-size-default\">Ideario Institucional<\/h4>\t\t<\/div>\n\t\t\t\t<\/div>\n\t\t\t\t\t<\/div>\n\t\t<\/div>\n\t\t\t\t<div class=\"elementor-column elementor-col-50 elementor-top-column elementor-element elementor-element-27b67771\" data-id=\"27b67771\" data-element_type=\"column\">\n\t\t\t<div class=\"elementor-widget-wrap elementor-element-populated\">\n\t\t\t\t\t\t\t\t<div class=\"elementor-element elementor-element-22be8065 elementor-widget elementor-widget-text-editor\" data-id=\"22be8065\" data-element_type=\"widget\" data-widget_type=\"text-editor.default\">\n\t\t\t\t<div class=\"elementor-widget-container\">\n\t\t\t\t\t\t\t<p>\u25cf Brindar a los alumnos una educaci\u00f3n integral e igualitaria, que contribuya al desarrollo de su personalidad, posibilite la adquisici\u00f3n de conocimientos, habilidades, sentido de la responsabilidad y solidaridad sociales, y que garantice igualdad de oportunidades y posibilidades.<\/p><p>\u25cf Lograr que los alumnos desarrollen valores y competencias vinculadas con la elaboraci\u00f3n de proyectos personales de vida y con la integraci\u00f3n a la sociedad como personas responsables, cr\u00edticas y solidarias.<\/p><p>\u25cf Lograr una convivencia basada en el respeto, sin violencias ni discriminaciones, propiciadora de una cultura participativa, que genere un sentimiento de pertenencia en la escuela secundaria.<\/p><p>\u25cf Garantizar a los alumnos una s\u00f3lida formaci\u00f3n y favorecer la autonom\u00eda intelectual que les permita continuar estudios superiores e integrarse al mundo del trabajo.<\/p><p>\u25cf Promoci\u00f3n de desarrollo de proyectos que posibiliten un mayor contacto con lo comunitario.<\/p><p>\u25cf Enriquecer las ra\u00edces del ser nacional a trav\u00e9s del quehacer cultural diario.<\/p>\t\t\t\t\t\t<\/div>\n\t\t\t\t<\/div>\n\t\t\t\t<div class=\"elementor-element elementor-element-8ff09bb elementor-widget elementor-widget-heading\" data-id=\"8ff09bb\" data-element_type=\"widget\" data-widget_type=\"heading.default\">\n\t\t\t\t<div class=\"elementor-widget-container\">\n\t\t\t<h6 class=\"elementor-heading-title elementor-size-default\">Marta Magari\u00f1os<\/h6>\t\t<\/div>\n\t\t\t\t<\/div>\n\t\t\t\t<div class=\"elementor-element elementor-element-8134ce6 elementor-widget elementor-widget-heading\" data-id=\"8134ce6\" data-element_type=\"widget\" data-widget_type=\"heading.default\">\n\t\t\t\t<div class=\"elementor-widget-container\">\n\t\t\t<h6 class=\"elementor-heading-title elementor-size-default\">Representante Legal<\/h6>\t\t<\/div>\n\t\t\t\t<\/div>\n\t\t\t\t\t<\/div>\n\t\t<\/div>\n\t\t\t\t\t\t\t<\/div>\n\t\t<\/section>\n\t\t\t\t\t\t\t<\/div>\n\t\t","protected":false},"excerpt":{"rendered":"<p>Pasado, Presente y Futuro Nuestra historia representa el esfuerzo, compromiso y la dedicaci\u00f3n con la cual trabajamos todos los d\u00edas para una mejor educaci\u00f3n de nuestros j\u00f3venes. Rese\u00f1a Hist\u00f3rica \u201cNuestros comienzos se remontan al a\u00f1o 1983 cuando comenc\u00e9 mi labor educativa con una colonia de vacaciones. Unos a\u00f1os m\u00e1s tarde abrimos el Jard\u00edn de Infantes &hellip;<\/p>\n<p class=\"read-more\"> <a class=\"\" href=\"https:\/\/sanmartinedu.com\/index.php\/nuestra-historia\/\"> <span class=\"screen-reader-text\">Nuestra Historia<\/span> Leer m\u00e1s &raquo;<\/a><\/p>\n","protected":false},"author":1,"featured_media":0,"parent":0,"menu_order":0,"comment_status":"closed","ping_status":"closed","template":"","meta":{"footnotes":""},"yoast_head":"<!-- This site is optimized with the Yoast SEO plugin v21.0 - https:\/\/yoast.com\/wordpress\/plugins\/seo\/ -->\n<title>Nuestra Historia | Escuela San Mart\u00edn<\/title>\n<meta name=\"description\" content=\"Nuestra historia representa el esfuerzo, compromiso y la dedicaci\u00f3n con la cual trabajamos todos los d\u00edas.\" \/>\n<meta name=\"robots\" content=\"index, follow, max-snippet:-1, max-image-preview:large, max-video-preview:-1\" \/>\n<link rel=\"canonical\" href=\"https:\/\/sanmartinedu.com\/index.php\/nuestra-historia\/\" \/>\n<meta property=\"og:locale\" content=\"es_ES\" \/>\n<meta property=\"og:type\" content=\"article\" \/>\n<meta property=\"og:title\" content=\"Nuestra Historia | Escuela San Mart\u00edn\" \/>\n<meta property=\"og:description\" content=\"Nuestra historia representa el esfuerzo, compromiso y la dedicaci\u00f3n con la cual trabajamos todos los d\u00edas.\" \/>\n<meta property=\"og:url\" content=\"https:\/\/sanmartinedu.com\/index.php\/nuestra-historia\/\" \/>\n<meta property=\"og:site_name\" content=\"Instituto Jos\u00e9 de San Martin, Escuela Primaria Escuela Secundaria\" \/>\n<meta property=\"article:modified_time\" content=\"2021-03-16T20:32:47+00:00\" \/>\n<meta name=\"twitter:card\" content=\"summary_large_image\" \/>\n<meta name=\"twitter:label1\" content=\"Tiempo de lectura\" \/>\n\t<meta name=\"twitter:data1\" content=\"2 minutos\" \/>\n<script type=\"application\/ld+json\" class=\"yoast-schema-graph\">{\"@context\":\"https:\/\/schema.org\",\"@graph\":[{\"@type\":\"WebPage\",\"@id\":\"https:\/\/sanmartinedu.com\/index.php\/nuestra-historia\/\",\"url\":\"https:\/\/sanmartinedu.com\/index.php\/nuestra-historia\/\",\"name\":\"Nuestra Historia | Escuela San Mart\u00edn\",\"isPartOf\":{\"@id\":\"https:\/\/sanmartinedu.com\/#website\"},\"datePublished\":\"2020-08-19T05:21:42+00:00\",\"dateModified\":\"2021-03-16T20:32:47+00:00\",\"description\":\"Nuestra historia representa el esfuerzo, compromiso y la dedicaci\u00f3n con la cual trabajamos todos los d\u00edas.\",\"breadcrumb\":{\"@id\":\"https:\/\/sanmartinedu.com\/index.php\/nuestra-historia\/#breadcrumb\"},\"inLanguage\":\"es\",\"potentialAction\":[{\"@type\":\"ReadAction\",\"target\":[\"https:\/\/sanmartinedu.com\/index.php\/nuestra-historia\/\"]}]},{\"@type\":\"BreadcrumbList\",\"@id\":\"https:\/\/sanmartinedu.com\/index.php\/nuestra-historia\/#breadcrumb\",\"itemListElement\":[{\"@type\":\"ListItem\",\"position\":1,\"name\":\"Portada\",\"item\":\"https:\/\/sanmartinedu.com\/\"},{\"@type\":\"ListItem\",\"position\":2,\"name\":\"Nuestra Historia\"}]},{\"@type\":\"WebSite\",\"@id\":\"https:\/\/sanmartinedu.com\/#website\",\"url\":\"https:\/\/sanmartinedu.com\/\",\"name\":\"Instituto Jos\u00e9 de San Martin, Escuela Primaria Escuela Secundaria\",\"description\":\"Instituto Jos\u00e9 de San Mart\u00edn - Nivel Inicial, Nivel Primario, Nivel Secundario. Educaci\u00f3n de Excelencia e Integral\",\"publisher\":{\"@id\":\"https:\/\/sanmartinedu.com\/#organization\"},\"potentialAction\":[{\"@type\":\"SearchAction\",\"target\":{\"@type\":\"EntryPoint\",\"urlTemplate\":\"https:\/\/sanmartinedu.com\/?s={search_term_string}\"},\"query-input\":\"required name=search_term_string\"}],\"inLanguage\":\"es\"},{\"@type\":\"Organization\",\"@id\":\"https:\/\/sanmartinedu.com\/#organization\",\"name\":\"Instituto Jos\u00e9 de San Martin, Escuela Primaria Escuela Secundaria\",\"url\":\"https:\/\/sanmartinedu.com\/\",\"logo\":{\"@type\":\"ImageObject\",\"inLanguage\":\"es\",\"@id\":\"https:\/\/sanmartinedu.com\/#\/schema\/logo\/image\/\",\"url\":\"https:\/\/sanmartinedu.com\/wp-content\/uploads\/2020\/11\/cropped-thumbnail_1605634644718.png\",\"contentUrl\":\"https:\/\/sanmartinedu.com\/wp-content\/uploads\/2020\/11\/cropped-thumbnail_1605634644718.png\",\"width\":234,\"height\":276,\"caption\":\"Instituto Jos\u00e9 de San Martin, Escuela Primaria Escuela Secundaria\"},\"image\":{\"@id\":\"https:\/\/sanmartinedu.com\/#\/schema\/logo\/image\/\"}}]}<\/script>\n<!-- \/ Yoast SEO plugin. -->","yoast_head_json":{"title":"Nuestra Historia | Escuela San Mart\u00edn","description":"Nuestra historia representa el esfuerzo, compromiso y la dedicaci\u00f3n con la cual trabajamos todos los d\u00edas.","robots":{"index":"index","follow":"follow","max-snippet":"max-snippet:-1","max-image-preview":"max-image-preview:large","max-video-preview":"max-video-preview:-1"},"canonical":"https:\/\/sanmartinedu.com\/index.php\/nuestra-historia\/","og_locale":"es_ES","og_type":"article","og_title":"Nuestra Historia | Escuela San Mart\u00edn","og_description":"Nuestra historia representa el esfuerzo, compromiso y la dedicaci\u00f3n con la cual trabajamos todos los d\u00edas.","og_url":"https:\/\/sanmartinedu.com\/index.php\/nuestra-historia\/","og_site_name":"Instituto Jos\u00e9 de San Martin, Escuela Primaria Escuela Secundaria","article_modified_time":"2021-03-16T20:32:47+00:00","twitter_card":"summary_large_image","twitter_misc":{"Tiempo de lectura":"2 minutos"},"schema":{"@context":"https:\/\/schema.org","@graph":[{"@type":"WebPage","@id":"https:\/\/sanmartinedu.com\/index.php\/nuestra-historia\/","url":"https:\/\/sanmartinedu.com\/index.php\/nuestra-historia\/","name":"Nuestra Historia | Escuela San Mart\u00edn","isPartOf":{"@id":"https:\/\/sanmartinedu.com\/#website"},"datePublished":"2020-08-19T05:21:42+00:00","dateModified":"2021-03-16T20:32:47+00:00","description":"Nuestra historia representa el esfuerzo, compromiso y la dedicaci\u00f3n con la cual trabajamos todos los d\u00edas.","breadcrumb":{"@id":"https:\/\/sanmartinedu.com\/index.php\/nuestra-historia\/#breadcrumb"},"inLanguage":"es","potentialAction":[{"@type":"ReadAction","target":["https:\/\/sanmartinedu.com\/index.php\/nuestra-historia\/"]}]},{"@type":"BreadcrumbList","@id":"https:\/\/sanmartinedu.com\/index.php\/nuestra-historia\/#breadcrumb","itemListElement":[{"@type":"ListItem","position":1,"name":"Portada","item":"https:\/\/sanmartinedu.com\/"},{"@type":"ListItem","position":2,"name":"Nuestra Historia"}]},{"@type":"WebSite","@id":"https:\/\/sanmartinedu.com\/#website","url":"https:\/\/sanmartinedu.com\/","name":"Instituto Jos\u00e9 de San Martin, Escuela Primaria Escuela Secundaria","description":"Instituto Jos\u00e9 de San Mart\u00edn - Nivel Inicial, Nivel Primario, Nivel Secundario. Educaci\u00f3n de Excelencia e Integral","publisher":{"@id":"https:\/\/sanmartinedu.com\/#organization"},"potentialAction":[{"@type":"SearchAction","target":{"@type":"EntryPoint","urlTemplate":"https:\/\/sanmartinedu.com\/?s={search_term_string}"},"query-input":"required name=search_term_string"}],"inLanguage":"es"},{"@type":"Organization","@id":"https:\/\/sanmartinedu.com\/#organization","name":"Instituto Jos\u00e9 de San Martin, Escuela Primaria Escuela Secundaria","url":"https:\/\/sanmartinedu.com\/","logo":{"@type":"ImageObject","inLanguage":"es","@id":"https:\/\/sanmartinedu.com\/#\/schema\/logo\/image\/","url":"https:\/\/sanmartinedu.com\/wp-content\/uploads\/2020\/11\/cropped-thumbnail_1605634644718.png","contentUrl":"https:\/\/sanmartinedu.com\/wp-content\/uploads\/2020\/11\/cropped-thumbnail_1605634644718.png","width":234,"height":276,"caption":"Instituto Jos\u00e9 de San Martin, Escuela Primaria Escuela Secundaria"},"image":{"@id":"https:\/\/sanmartinedu.com\/#\/schema\/logo\/image\/"}}]}},"_links":{"self":[{"href":"https:\/\/sanmartinedu.com\/index.php\/wp-json\/wp\/v2\/pages\/147"}],"collection":[{"href":"https:\/\/sanmartinedu.com\/index.php\/wp-json\/wp\/v2\/pages"}],"about":[{"href":"https:\/\/sanmartinedu.com\/index.php\/wp-json\/wp\/v2\/types\/page"}],"author":[{"embeddable":true,"href":"https:\/\/sanmartinedu.com\/index.php\/wp-json\/wp\/v2\/users\/1"}],"replies":[{"embeddable":true,"href":"https:\/\/sanmartinedu.com\/index.php\/wp-json\/wp\/v2\/comments?post=147"}],"version-history":[{"count":122,"href":"https:\/\/sanmartinedu.com\/index.php\/wp-json\/wp\/v2\/pages\/147\/revisions"}],"predecessor-version":[{"id":1055,"href":"https:\/\/sanmartinedu.com\/index.php\/wp-json\/wp\/v2\/pages\/147\/revisions\/1055"}],"wp:attachment":[{"href":"https:\/\/sanmartinedu.com\/index.php\/wp-json\/wp\/v2\/media?parent=147"}],"curies":[{"name":"wp","href":"https:\/\/api.w.org\/{rel}","templated":true}]}}